{"id":34,"date":"2023-08-16T05:47:34","date_gmt":"2023-08-16T05:47:34","guid":{"rendered":"https:\/\/www.lageekdeservice.com\/?page_id=34"},"modified":"2026-01-16T08:50:15","modified_gmt":"2026-01-16T13:50:15","slug":"contactme","status":"publish","type":"page","link":"https:\/\/www.lageekdeservice.com\/en\/contactme\/","title":{"rendered":"Contact Me"},"content":{"rendered":"\n<div class=\"wp-block-uagb-container uagb-block-fa2f1646 alignfull uagb-is-root-container\"><div class=\"uagb-container-inner-blocks-wrap\">\n<div class=\"wp-block-uagb-advanced-heading uagb-block-d7c7726a\"><h1 class=\"uagb-heading-text\">Contact Me<\/h1><\/div>\n<\/div><\/div>\n\n\n\n<div class=\"wp-block-uagb-container uagb-block-61fa746a alignfull uagb-is-root-container\"><div class=\"uagb-container-inner-blocks-wrap\">\n<div class=\"wp-block-uagb-container uagb-block-40a39761\">\n<div class=\"wp-block-uagb-container uagb-block-d194f379\">\n<div class=\"wp-block-uagb-advanced-heading uagb-block-e5c20241\"><h3 class=\"uagb-heading-text\">Let&rsquo;s Talk!<\/h3><\/div>\n\n\n\n<figure class=\"wp-block-image size-full\"><img loading=\"lazy\" decoding=\"async\" width=\"2560\" height=\"1707\" src=\"https:\/\/www.lageekdeservice.com\/en\/wp-content\/uploads\/2026\/01\/20251219_105211_MSTG_HD-scaled.jpg\" alt=\"\" class=\"wp-image-4465\" srcset=\"https:\/\/www.lageekdeservice.com\/en\/wp-content\/uploads\/2026\/01\/20251219_105211_MSTG_HD-scaled.jpg 2560w, https:\/\/www.lageekdeservice.com\/en\/wp-content\/uploads\/2026\/01\/20251219_105211_MSTG_HD-300x200.jpg 300w, https:\/\/www.lageekdeservice.com\/en\/wp-content\/uploads\/2026\/01\/20251219_105211_MSTG_HD-1024x683.jpg 1024w, https:\/\/www.lageekdeservice.com\/en\/wp-content\/uploads\/2026\/01\/20251219_105211_MSTG_HD-768x512.jpg 768w, https:\/\/www.lageekdeservice.com\/en\/wp-content\/uploads\/2026\/01\/20251219_105211_MSTG_HD-1536x1024.jpg 1536w, https:\/\/www.lageekdeservice.com\/en\/wp-content\/uploads\/2026\/01\/20251219_105211_MSTG_HD-2048x1365.jpg 2048w\" sizes=\"auto, (max-width: 2560px) 100vw, 2560px\" \/><\/figure>\n<\/div>\n\n\n\n<div class=\"wp-block-uagb-container uagb-block-52a3dcb0\">\n<div class=\"wp-block-uagb-advanced-heading uagb-block-d247ad31\"><p class=\"uagb-desc-text\">Together, we will work to give you the tools for your digital transformation. Whether it\u2019s for your business, your organization, or your professional growth, I am here to guide you.<\/p><\/div>\n\n\n\n<p><\/p>\n\n\n\n<div class=\"wp-block-uagb-advanced-heading uagb-block-19d959a8\"><h6 class=\"uagb-heading-text\">PHONE:<\/h6><p class=\"uagb-desc-text\">438-888-2343<\/p><\/div>\n\n\n\n<div class=\"wp-block-uagb-advanced-heading uagb-block-92226833\"><h6 class=\"uagb-heading-text\">EMAIL:<\/h6><p class=\"uagb-desc-text\"><a href=\"mailto:info@lageekdeservice.com\">info@lageekdeservice.com<\/a><\/p><\/div>\n\n\n\n<div class=\"wp-block-uagb-advanced-heading uagb-block-20896d62\"><h6 class=\"uagb-heading-text\">ON SOCIAL MEDIA:<\/h6><\/div>\n\n\n\n<p><\/p>\n\n\n\n<div class=\"wp-block-uagb-icon-list uagb-block-38657dfd\"><div class=\"uagb-icon-list__wrap\">\n<div class=\"wp-block-uagb-icon-list-child uagb-block-44858b45\"><a target=\"_blank\" aria-label=\"List item\" rel=\"noopener noreferrer\" href=\"https:\/\/www.facebook.com\/lageekdeservice\"> <\/a><span class=\"uagb-icon-list__source-wrap\"><svg xmlns=\"https:\/\/www.w3.org\/2000\/svg\" viewBox=\"0 0 512 512\"><path d=\"M504 256C504 119 393 8 256 8S8 119 8 256c0 123.8 90.69 226.4 209.3 245V327.7h-63V256h63v-54.64c0-62.15 37-96.48 93.67-96.48 27.14 0 55.52 4.84 55.52 4.84v61h-31.28c-30.8 0-40.41 19.12-40.41 38.73V256h68.78l-11 71.69h-57.78V501C413.3 482.4 504 379.8 504 256z\"><\/path><\/svg><\/span><\/div>\n\n\n\n<div class=\"wp-block-uagb-icon-list-child uagb-block-47454738\"><a target=\"_blank\" aria-label=\"List item\" rel=\"noopener noreferrer\" href=\"https:\/\/www.instagram.com\/lageekdeservice\/\"> <\/a><span class=\"uagb-icon-list__source-wrap\"><svg xmlns=\"https:\/\/www.w3.org\/2000\/svg\" viewBox=\"0 0 448 512\"><path d=\"M224.1 141c-63.6 0-114.9 51.3-114.9 114.9s51.3 114.9 114.9 114.9S339 319.5 339 255.9 287.7 141 224.1 141zm0 189.6c-41.1 0-74.7-33.5-74.7-74.7s33.5-74.7 74.7-74.7 74.7 33.5 74.7 74.7-33.6 74.7-74.7 74.7zm146.4-194.3c0 14.9-12 26.8-26.8 26.8-14.9 0-26.8-12-26.8-26.8s12-26.8 26.8-26.8 26.8 12 26.8 26.8zm76.1 27.2c-1.7-35.9-9.9-67.7-36.2-93.9-26.2-26.2-58-34.4-93.9-36.2-37-2.1-147.9-2.1-184.9 0-35.8 1.7-67.6 9.9-93.9 36.1s-34.4 58-36.2 93.9c-2.1 37-2.1 147.9 0 184.9 1.7 35.9 9.9 67.7 36.2 93.9s58 34.4 93.9 36.2c37 2.1 147.9 2.1 184.9 0 35.9-1.7 67.7-9.9 93.9-36.2 26.2-26.2 34.4-58 36.2-93.9 2.1-37 2.1-147.8 0-184.8zM398.8 388c-7.8 19.6-22.9 34.7-42.6 42.6-29.5 11.7-99.5 9-132.1 9s-102.7 2.6-132.1-9c-19.6-7.8-34.7-22.9-42.6-42.6-11.7-29.5-9-99.5-9-132.1s-2.6-102.7 9-132.1c7.8-19.6 22.9-34.7 42.6-42.6 29.5-11.7 99.5-9 132.1-9s102.7-2.6 132.1 9c19.6 7.8 34.7 22.9 42.6 42.6 11.7 29.5 9 99.5 9 132.1s2.7 102.7-9 132.1z\"><\/path><\/svg><\/span><\/div>\n\n\n\n<div class=\"wp-block-uagb-icon-list-child uagb-block-636524ff\"><a target=\"_blank\" aria-label=\"List item\" rel=\"noopener noreferrer\" href=\"https:\/\/twitter.com\/coutleea\"> <\/a><span class=\"uagb-icon-list__source-wrap\"><svg xmlns=\"https:\/\/www.w3.org\/2000\/svg\" viewBox=\"0 0 512 512\"><path d=\"M459.4 151.7c.325 4.548 .325 9.097 .325 13.65 0 138.7-105.6 298.6-298.6 298.6-59.45 0-114.7-17.22-161.1-47.11 8.447 .974 16.57 1.299 25.34 1.299 49.06 0 94.21-16.57 130.3-44.83-46.13-.975-84.79-31.19-98.11-72.77 6.498 .974 12.99 1.624 19.82 1.624 9.421 0 18.84-1.3 27.61-3.573-48.08-9.747-84.14-51.98-84.14-102.1v-1.299c13.97 7.797 30.21 12.67 47.43 13.32-28.26-18.84-46.78-51.01-46.78-87.39 0-19.49 5.197-37.36 14.29-52.95 51.65 63.67 129.3 105.3 216.4 109.8-1.624-7.797-2.599-15.92-2.599-24.04 0-57.83 46.78-104.9 104.9-104.9 30.21 0 57.5 12.67 76.67 33.14 23.72-4.548 46.46-13.32 66.6-25.34-7.798 24.37-24.37 44.83-46.13 57.83 21.12-2.273 41.58-8.122 60.43-16.24-14.29 20.79-32.16 39.31-52.63 54.25z\"><\/path><\/svg><\/span><\/div>\n\n\n\n<div class=\"wp-block-uagb-icon-list-child uagb-block-26ead3f0\"><a target=\"_blank\" aria-label=\"List item\" rel=\"noopener noreferrer\" href=\"https:\/\/www.youtube.com\/@lageekdeservice\"> <\/a><span class=\"uagb-icon-list__source-wrap\"><svg xmlns=\"https:\/\/www.w3.org\/2000\/svg\" viewBox=\"0 0 576 512\"><path d=\"M549.7 124.1c-6.281-23.65-24.79-42.28-48.28-48.6C458.8 64 288 64 288 64S117.2 64 74.63 75.49c-23.5 6.322-42 24.95-48.28 48.6-11.41 42.87-11.41 132.3-11.41 132.3s0 89.44 11.41 132.3c6.281 23.65 24.79 41.5 48.28 47.82C117.2 448 288 448 288 448s170.8 0 213.4-11.49c23.5-6.321 42-24.17 48.28-47.82 11.41-42.87 11.41-132.3 11.41-132.3s0-89.44-11.41-132.3zm-317.5 213.5V175.2l142.7 81.21-142.7 81.2z\"><\/path><\/svg><\/span><\/div>\n\n\n\n<div class=\"wp-block-uagb-icon-list-child uagb-block-e2083a74\"><a target=\"_blank\" aria-label=\"List item\" rel=\"noopener noreferrer\" href=\"https:\/\/www.linkedin.com\/in\/alexandra-coutl%C3%A9e-357a27\/\"> <\/a><span class=\"uagb-icon-list__source-wrap\"><svg xmlns=\"https:\/\/www.w3.org\/2000\/svg\" viewBox=\"0 0 448 512\"><path d=\"M100.3 448H7.4V148.9h92.88zM53.79 108.1C24.09 108.1 0 83.5 0 53.8a53.79 53.79 0 0 1 107.6 0c0 29.7-24.1 54.3-53.79 54.3zM447.9 448h-92.68V302.4c0-34.7-.7-79.2-48.29-79.2-48.29 0-55.69 37.7-55.69 76.7V448h-92.78V148.9h89.08v40.8h1.3c12.4-23.5 42.69-48.3 87.88-48.3 94 0 111.3 61.9 111.3 142.3V448z\"><\/path><\/svg><\/span><\/div>\n<\/div><\/div>\n<\/div>\n<\/div>\n\n\n\n<div style=\"height:100px\" aria-hidden=\"true\" class=\"wp-block-spacer\"><\/div>\n\n\n\n<h3 class=\"wp-block-heading\">Book a meeting to discuss your goals and see if my services are the right fit for your needs!<\/h3>\n\n\n\n<p><\/p>\n\n\n\n<!-- Google Calendar Appointment Scheduling begin -->\n<iframe loading=\"lazy\" src=\"https:\/\/calendar.google.com\/calendar\/appointments\/schedules\/AcZssZ0AB62eZ6bmf1kF6DBtjfIPKZwlbGeDSKuW2bJiSBjbGuCBVo12KWVxRsJBhZZiEOd2cK7lQ6Zr?gv=true\" style=\"border: 0\" width=\"100%\" height=\"600\" frameborder=\"0\"><\/iframe>\n<!-- end Google Calendar Appointment Scheduling -->\n\n\n\n<div class=\"wp-block-columns is-layout-flex wp-container-core-columns-is-layout-28f84493 wp-block-columns-is-layout-flex\">\n<div class=\"wp-block-column is-layout-flow wp-block-column-is-layout-flow\" style=\"flex-basis:100%\"><\/div>\n<\/div>\n<\/div><\/div>\n\n\n\n<div class=\"wp-block-uagb-container uagb-block-71fea0c9 alignfull uagb-is-root-container\"><div class=\"uagb-container-inner-blocks-wrap\">\n<div class=\"wp-block-uagb-info-box uagb-block-844f8cf1 uagb-infobox__content-wrap  uagb-infobox-icon-above-title uagb-infobox-image-valign-top\"><div class=\"uagb-ifb-content\"><div class=\"uagb-ifb-title-wrap\"><h2 class=\"uagb-ifb-title\">Looking to explore the digital world and grow your skills?<\/h2><\/div><p class=\"uagb-ifb-desc\"><strong>Get in touch!<\/strong> Together, we will collaborate to equip you for your digital transformation. Whether for your business, your school, your organization, or your personal professional development, I am here to guide you.<\/p><div class=\"uagb-ifb-button-wrapper wp-block-button\"><a href=\"https:\/\/www.lageekdeservice.com\/en\/contactme\" class=\"uagb-infobox-cta-link wp-block-button__link\" target=\"_self\" rel=\"noopener noreferrer\" onclick=\"return true;\"><span class=\"uagb-inline-editing\">Contact Me<\/span><\/a><\/div><\/div><\/div>\n<\/div><\/div>\n","protected":false},"excerpt":{"rendered":"<p>Contact Me Let&rsquo;s Talk! Together, we will work to give you the tools for your digital transformation. Whether it\u2019s for [&hellip;]<\/p>\n","protected":false},"author":3,"featured_media":0,"parent":0,"menu_order":0,"comment_status":"closed","ping_status":"closed","template":"","meta":{"_uag_custom_page_level_css":"","site-sidebar-layout":"no-sidebar","site-content-layout":"","ast-site-content-layout":"normal-width-container","site-content-style":"default","site-sidebar-style":"default","ast-global-header-display":"","ast-banner-title-visibility":"disabled","ast-main-header-display":"","ast-hfb-above-header-display":"","ast-hfb-below-header-display":"","ast-hfb-mobile-header-display":"","site-post-title":"disabled","ast-breadcrumbs-content":"","ast-featured-img":"","footer-sml-layout":"","ast-disable-related-posts":"","theme-transparent-header-meta":"enabled","adv-header-id-meta":"","stick-header-meta":"","header-above-stick-meta":"","header-main-stick-meta":"","header-below-stick-meta":"","astra-migrate-meta-layouts":"","ast-page-background-enabled":"default","ast-page-background-meta":{"desktop":{"background-color":"var(--ast-global-color-4)","background-image":"","background-repeat":"repeat","background-position":"center center","background-size":"auto","background-attachment":"scroll","background-type":"","background-media":"","overlay-type":"","overlay-color":"","overlay-opacity":"","overlay-gradient":""},"tablet":{"background-color":"","background-image":"","background-repeat":"repeat","background-position":"center center","background-size":"auto","background-attachment":"scroll","background-type":"","background-media":"","overlay-type":"","overlay-color":"","overlay-opacity":"","overlay-gradient":""},"mobile":{"background-color":"","background-image":"","background-repeat":"repeat","background-position":"center center","background-size":"auto","background-attachment":"scroll","background-type":"","background-media":"","overlay-type":"","overlay-color":"","overlay-opacity":"","overlay-gradient":""}},"ast-content-background-meta":{"desktop":{"background-color":"var(--ast-global-color-5)","background-image":"","background-repeat":"repeat","background-position":"center center","background-size":"auto","background-attachment":"scroll","background-type":"","background-media":"","overlay-type":"","overlay-color":"","overlay-opacity":"","overlay-gradient":""},"tablet":{"background-color":"var(--ast-global-color-5)","background-image":"","background-repeat":"repeat","background-position":"center center","background-size":"auto","background-attachment":"scroll","background-type":"","background-media":"","overlay-type":"","overlay-color":"","overlay-opacity":"","overlay-gradient":""},"mobile":{"background-color":"var(--ast-global-color-5)","background-image":"","background-repeat":"repeat","background-position":"center center","background-size":"auto","background-attachment":"scroll","background-type":"","background-media":"","overlay-type":"","overlay-color":"","overlay-opacity":"","overlay-gradient":""}},"footnotes":""},"class_list":["post-34","page","type-page","status-publish","hentry"],"yoast_head":"<!-- This site is optimized with the Yoast SEO plugin v26.6 - https:\/\/yoast.com\/wordpress\/plugins\/seo\/ -->\n<title>Contact Me -<\/title>\n<meta name=\"description\" content=\"Contactez Alexandra Coutl\u00e9e pour des solutions en transformation num\u00e9rique. Disponible pour des consultations, formations, et coachings personnalis\u00e9s.\" \/>\n<meta name=\"robots\" content=\"index, follow, max-snippet:-1, max-image-preview:large, max-video-preview:-1\" \/>\n<link rel=\"canonical\" href=\"https:\/\/www.lageekdeservice.com\/en\/contactme\/\" \/>\n<meta property=\"og:locale\" content=\"fr_CA\" \/>\n<meta property=\"og:type\" content=\"article\" \/>\n<meta property=\"og:title\" content=\"Contact Me -\" \/>\n<meta property=\"og:description\" content=\"Contactez Alexandra Coutl\u00e9e pour des solutions en transformation num\u00e9rique. Disponible pour des consultations, formations, et coachings personnalis\u00e9s.\" \/>\n<meta property=\"og:url\" content=\"https:\/\/www.lageekdeservice.com\/en\/contactme\/\" \/>\n<meta property=\"article:publisher\" content=\"https:\/\/www.facebook.com\/lageekdeservice\" \/>\n<meta property=\"article:modified_time\" content=\"2026-01-16T13:50:15+00:00\" \/>\n<meta property=\"og:image\" content=\"https:\/\/www.lageekdeservice.com\/en\/wp-content\/uploads\/2026\/01\/20251219_105211_MSTG_HD-scaled.jpg\" \/>\n\t<meta property=\"og:image:width\" content=\"2560\" \/>\n\t<meta property=\"og:image:height\" content=\"1707\" \/>\n\t<meta property=\"og:image:type\" content=\"image\/jpeg\" \/>\n<meta name=\"twitter:card\" content=\"summary_large_image\" \/>\n<meta name=\"twitter:site\" content=\"@coutleea\" \/>\n<meta name=\"twitter:label1\" content=\"Estimation du temps de lecture\" \/>\n\t<meta name=\"twitter:data1\" content=\"1 minute\" \/>\n<script type=\"application\/ld+json\" class=\"yoast-schema-graph\">{\"@context\":\"https:\/\/schema.org\",\"@graph\":[{\"@type\":[\"WebPage\",\"ContactPage\"],\"@id\":\"https:\/\/www.lageekdeservice.com\/en\/contactme\/\",\"url\":\"https:\/\/www.lageekdeservice.com\/en\/contactme\/\",\"name\":\"Contact Me -\",\"isPartOf\":{\"@id\":\"https:\/\/www.lageekdeservice.com\/en\/#website\"},\"primaryImageOfPage\":{\"@id\":\"https:\/\/www.lageekdeservice.com\/en\/contactme\/#primaryimage\"},\"image\":{\"@id\":\"https:\/\/www.lageekdeservice.com\/en\/contactme\/#primaryimage\"},\"thumbnailUrl\":\"https:\/\/www.lageekdeservice.com\/en\/wp-content\/uploads\/2026\/01\/20251219_105211_MSTG_HD-scaled.jpg\",\"datePublished\":\"2023-08-16T05:47:34+00:00\",\"dateModified\":\"2026-01-16T13:50:15+00:00\",\"description\":\"Contactez Alexandra Coutl\u00e9e pour des solutions en transformation num\u00e9rique. Disponible pour des consultations, formations, et coachings personnalis\u00e9s.\",\"breadcrumb\":{\"@id\":\"https:\/\/www.lageekdeservice.com\/en\/contactme\/#breadcrumb\"},\"inLanguage\":\"fr-CA\",\"potentialAction\":[{\"@type\":\"ReadAction\",\"target\":[\"https:\/\/www.lageekdeservice.com\/en\/contactme\/\"]}]},{\"@type\":\"ImageObject\",\"inLanguage\":\"fr-CA\",\"@id\":\"https:\/\/www.lageekdeservice.com\/en\/contactme\/#primaryimage\",\"url\":\"https:\/\/www.lageekdeservice.com\/en\/wp-content\/uploads\/2026\/01\/20251219_105211_MSTG_HD-scaled.jpg\",\"contentUrl\":\"https:\/\/www.lageekdeservice.com\/en\/wp-content\/uploads\/2026\/01\/20251219_105211_MSTG_HD-scaled.jpg\",\"width\":2560,\"height\":1707},{\"@type\":\"BreadcrumbList\",\"@id\":\"https:\/\/www.lageekdeservice.com\/en\/contactme\/#breadcrumb\",\"itemListElement\":[{\"@type\":\"ListItem\",\"position\":1,\"name\":\"Accueil\",\"item\":\"https:\/\/www.lageekdeservice.com\/en\/\"},{\"@type\":\"ListItem\",\"position\":2,\"name\":\"Contact Me\"}]},{\"@type\":\"WebSite\",\"@id\":\"https:\/\/www.lageekdeservice.com\/en\/#website\",\"url\":\"https:\/\/www.lageekdeservice.com\/en\/\",\"name\":\"La geek de service\",\"description\":\"\",\"publisher\":{\"@id\":\"https:\/\/www.lageekdeservice.com\/en\/#\/schema\/person\/b20fb51adad51bca9620b40ff66bc2e9\"},\"potentialAction\":[{\"@type\":\"SearchAction\",\"target\":{\"@type\":\"EntryPoint\",\"urlTemplate\":\"https:\/\/www.lageekdeservice.com\/en\/?s={search_term_string}\"},\"query-input\":{\"@type\":\"PropertyValueSpecification\",\"valueRequired\":true,\"valueName\":\"search_term_string\"}}],\"inLanguage\":\"fr-CA\"},{\"@type\":[\"Person\",\"Organization\"],\"@id\":\"https:\/\/www.lageekdeservice.com\/en\/#\/schema\/person\/b20fb51adad51bca9620b40ff66bc2e9\",\"name\":\"Alexandra Coutl\u00e9e\",\"image\":{\"@type\":\"ImageObject\",\"inLanguage\":\"fr-CA\",\"@id\":\"https:\/\/www.lageekdeservice.com\/en\/#\/schema\/person\/image\/\",\"url\":\"https:\/\/www.lageekdeservice.com\/wp-content\/uploads\/2023\/12\/cropped-Copie-de-Copie-de-Logo-officiel-512-x-512-px-2.png\",\"contentUrl\":\"https:\/\/www.lageekdeservice.com\/wp-content\/uploads\/2023\/12\/cropped-Copie-de-Copie-de-Logo-officiel-512-x-512-px-2.png\",\"width\":512,\"height\":512,\"caption\":\"Alexandra Coutl\u00e9e\"},\"logo\":{\"@id\":\"https:\/\/www.lageekdeservice.com\/en\/#\/schema\/person\/image\/\"},\"description\":\"Passionn\u00e9e de transformation num\u00e9rique, Alexandra accompagne les organisations et les individus vers l\u2019autonomie num\u00e9rique gr\u00e2ce \u00e0 des services personnalis\u00e9s de consultation, de formation et de coaching.\",\"sameAs\":[\"http:\/\/www.lageekdeservice.com\",\"https:\/\/www.facebook.com\/lageekdeservice\",\"https:\/\/www.instagram.com\/lageekdeservice\/\",\"https:\/\/www.linkedin.com\/in\/alexandra-coutle-357a27\/\",\"https:\/\/x.com\/coutleea\",\"https:\/\/www.youtube.com\/@lageekdeservice\"]}]}<\/script>\n<!-- \/ Yoast SEO plugin. -->","yoast_head_json":{"title":"Contact Me -","description":"Contactez Alexandra Coutl\u00e9e pour des solutions en transformation num\u00e9rique. Disponible pour des consultations, formations, et coachings personnalis\u00e9s.","robots":{"index":"index","follow":"follow","max-snippet":"max-snippet:-1","max-image-preview":"max-image-preview:large","max-video-preview":"max-video-preview:-1"},"canonical":"https:\/\/www.lageekdeservice.com\/en\/contactme\/","og_locale":"fr_CA","og_type":"article","og_title":"Contact Me -","og_description":"Contactez Alexandra Coutl\u00e9e pour des solutions en transformation num\u00e9rique. Disponible pour des consultations, formations, et coachings personnalis\u00e9s.","og_url":"https:\/\/www.lageekdeservice.com\/en\/contactme\/","article_publisher":"https:\/\/www.facebook.com\/lageekdeservice","article_modified_time":"2026-01-16T13:50:15+00:00","og_image":[{"width":2560,"height":1707,"url":"https:\/\/www.lageekdeservice.com\/en\/wp-content\/uploads\/2026\/01\/20251219_105211_MSTG_HD-scaled.jpg","type":"image\/jpeg"}],"twitter_card":"summary_large_image","twitter_site":"@coutleea","twitter_misc":{"Estimation du temps de lecture":"1 minute"},"schema":{"@context":"https:\/\/schema.org","@graph":[{"@type":["WebPage","ContactPage"],"@id":"https:\/\/www.lageekdeservice.com\/en\/contactme\/","url":"https:\/\/www.lageekdeservice.com\/en\/contactme\/","name":"Contact Me -","isPartOf":{"@id":"https:\/\/www.lageekdeservice.com\/en\/#website"},"primaryImageOfPage":{"@id":"https:\/\/www.lageekdeservice.com\/en\/contactme\/#primaryimage"},"image":{"@id":"https:\/\/www.lageekdeservice.com\/en\/contactme\/#primaryimage"},"thumbnailUrl":"https:\/\/www.lageekdeservice.com\/en\/wp-content\/uploads\/2026\/01\/20251219_105211_MSTG_HD-scaled.jpg","datePublished":"2023-08-16T05:47:34+00:00","dateModified":"2026-01-16T13:50:15+00:00","description":"Contactez Alexandra Coutl\u00e9e pour des solutions en transformation num\u00e9rique. Disponible pour des consultations, formations, et coachings personnalis\u00e9s.","breadcrumb":{"@id":"https:\/\/www.lageekdeservice.com\/en\/contactme\/#breadcrumb"},"inLanguage":"fr-CA","potentialAction":[{"@type":"ReadAction","target":["https:\/\/www.lageekdeservice.com\/en\/contactme\/"]}]},{"@type":"ImageObject","inLanguage":"fr-CA","@id":"https:\/\/www.lageekdeservice.com\/en\/contactme\/#primaryimage","url":"https:\/\/www.lageekdeservice.com\/en\/wp-content\/uploads\/2026\/01\/20251219_105211_MSTG_HD-scaled.jpg","contentUrl":"https:\/\/www.lageekdeservice.com\/en\/wp-content\/uploads\/2026\/01\/20251219_105211_MSTG_HD-scaled.jpg","width":2560,"height":1707},{"@type":"BreadcrumbList","@id":"https:\/\/www.lageekdeservice.com\/en\/contactme\/#breadcrumb","itemListElement":[{"@type":"ListItem","position":1,"name":"Accueil","item":"https:\/\/www.lageekdeservice.com\/en\/"},{"@type":"ListItem","position":2,"name":"Contact Me"}]},{"@type":"WebSite","@id":"https:\/\/www.lageekdeservice.com\/en\/#website","url":"https:\/\/www.lageekdeservice.com\/en\/","name":"La geek de service","description":"","publisher":{"@id":"https:\/\/www.lageekdeservice.com\/en\/#\/schema\/person\/b20fb51adad51bca9620b40ff66bc2e9"},"potentialAction":[{"@type":"SearchAction","target":{"@type":"EntryPoint","urlTemplate":"https:\/\/www.lageekdeservice.com\/en\/?s={search_term_string}"},"query-input":{"@type":"PropertyValueSpecification","valueRequired":true,"valueName":"search_term_string"}}],"inLanguage":"fr-CA"},{"@type":["Person","Organization"],"@id":"https:\/\/www.lageekdeservice.com\/en\/#\/schema\/person\/b20fb51adad51bca9620b40ff66bc2e9","name":"Alexandra Coutl\u00e9e","image":{"@type":"ImageObject","inLanguage":"fr-CA","@id":"https:\/\/www.lageekdeservice.com\/en\/#\/schema\/person\/image\/","url":"https:\/\/www.lageekdeservice.com\/wp-content\/uploads\/2023\/12\/cropped-Copie-de-Copie-de-Logo-officiel-512-x-512-px-2.png","contentUrl":"https:\/\/www.lageekdeservice.com\/wp-content\/uploads\/2023\/12\/cropped-Copie-de-Copie-de-Logo-officiel-512-x-512-px-2.png","width":512,"height":512,"caption":"Alexandra Coutl\u00e9e"},"logo":{"@id":"https:\/\/www.lageekdeservice.com\/en\/#\/schema\/person\/image\/"},"description":"Passionn\u00e9e de transformation num\u00e9rique, Alexandra accompagne les organisations et les individus vers l\u2019autonomie num\u00e9rique gr\u00e2ce \u00e0 des services personnalis\u00e9s de consultation, de formation et de coaching.","sameAs":["http:\/\/www.lageekdeservice.com","https:\/\/www.facebook.com\/lageekdeservice","https:\/\/www.instagram.com\/lageekdeservice\/","https:\/\/www.linkedin.com\/in\/alexandra-coutle-357a27\/","https:\/\/x.com\/coutleea","https:\/\/www.youtube.com\/@lageekdeservice"]}]}},"uagb_featured_image_src":{"full":false,"thumbnail":false,"medium":false,"medium_large":false,"large":false,"1536x1536":false,"2048x2048":false},"uagb_author_info":{"display_name":"Alexandra Coutl\u00e9e","author_link":"https:\/\/www.lageekdeservice.com\/en\/author\/alexandracoutlee\/"},"uagb_comment_info":0,"uagb_excerpt":"Contact Me Let&rsquo;s Talk! Together, we will work to give you the tools for your digital transformation. Whether it\u2019s for [&hellip;]","_links":{"self":[{"href":"https:\/\/www.lageekdeservice.com\/en\/wp-json\/wp\/v2\/pages\/34","targetHints":{"allow":["GET"]}}],"collection":[{"href":"https:\/\/www.lageekdeservice.com\/en\/wp-json\/wp\/v2\/pages"}],"about":[{"href":"https:\/\/www.lageekdeservice.com\/en\/wp-json\/wp\/v2\/types\/page"}],"author":[{"embeddable":true,"href":"https:\/\/www.lageekdeservice.com\/en\/wp-json\/wp\/v2\/users\/3"}],"replies":[{"embeddable":true,"href":"https:\/\/www.lageekdeservice.com\/en\/wp-json\/wp\/v2\/comments?post=34"}],"version-history":[{"count":29,"href":"https:\/\/www.lageekdeservice.com\/en\/wp-json\/wp\/v2\/pages\/34\/revisions"}],"predecessor-version":[{"id":4466,"href":"https:\/\/www.lageekdeservice.com\/en\/wp-json\/wp\/v2\/pages\/34\/revisions\/4466"}],"wp:attachment":[{"href":"https:\/\/www.lageekdeservice.com\/en\/wp-json\/wp\/v2\/media?parent=34"}],"curies":[{"name":"wp","href":"https:\/\/api.w.org\/{rel}","templated":true}]}}